{"id":780,"date":"2015-05-07T16:12:11","date_gmt":"2015-05-07T13:12:11","guid":{"rendered":"http:\/\/www.stellapolaris.fi\/uusi\/?page_id=780"},"modified":"2022-06-07T13:02:09","modified_gmt":"2022-06-07T10:02:09","slug":"summer-programs","status":"publish","type":"page","link":"https:\/\/stellapolaris.fi\/en\/summer-programs\/","title":{"rendered":"Summer Programs"},"content":{"rendered":"<h1>Summer in Juuma<\/h1>\n<ul>\n<li>\n<p>        <img decoding=\"async\" src=\"\/wp-content\/uploads\/2016\/08\/koskenlasku-perhereitti.jpg\" alt=\"\"><\/p>\n<h3>White water rafting<\/h3>\n<div>\n<p class=\"p1\">Take part in rafting adventures led by our trained captains in the magnificent scenery of River Kitkajoki in Kuusamo!<\/p>\n<\/div>\n<p><a href=\"\/en\/river-rafting-adventures\/\">Read more and book<\/a><\/p>\n<\/li>\n<li>\n<p>        <img decoding=\"async\" src=\"\/wp-content\/uploads\/2022\/05\/pyoravuokraus.jpg\" alt=\"\"><\/p>\n<h3>Equipment rental<\/h3>\n<div>\n<p>For excample Moutain bikes\u00a0<\/p>\n<\/div>\n<p><a href=\"\/en\/rental-company\/\">Read more and book<\/a><\/p>\n<\/li>\n<li>\n<p>        <img decoding=\"async\" src=\"\/wp-content\/uploads\/2022\/05\/pannukahvia.jpg\" alt=\"\"><\/p>\n<h3>Cafe<\/h3>\n<div>\n<p class=\"p1\">Our caf\u00e9 serves savoury and sweet snacks, as well as hot and cold drinks.<\/p>\n<p class=\"p1\">The terrace seats 40 people. The caf\u00e9 is licenced.<\/p>\n<\/div>\n<p><a href=\"\/en\/cafe\/\">Opening hours<\/a><\/p>\n<\/li>\n<li>\n<p>        <img decoding=\"async\" src=\"\/wp-content\/uploads\/2022\/05\/vastat.jpg\" alt=\"\"><\/p>\n<h3>Saunas<\/h3>\n<div>\n<p class=\"p1\">Two renovated saunas, a traditional wood-burning sauna and a smoke sauna.<\/p>\n<\/div>\n<p><a href=\"\/en\/saunas\/\">Read more and book<\/a><\/p>\n<\/li>\n<li>\n<p>        <img decoding=\"async\" src=\"\/wp-content\/uploads\/2022\/05\/perhokalastaja.jpg\" alt=\"\"><\/p>\n<h3>Fishing permits<\/h3>\n<div>\n<p class=\"p1\">Get fishing permits for the Kuusamo rivers Kitkajoki, Oulankajoki and Kuusinkijoki from our online store<span class=\"Apple-converted-space\">\u00a0<\/span><\/p>\n<\/div>\n<p><a href=\"\/en\/fishing\/\">Read more and book<\/a><\/p>\n<\/li>\n<li>\n<p>        <img decoding=\"async\" src=\"\/wp-content\/uploads\/2022\/05\/karavaanari.jpg\" alt=\"\"><\/p>\n<h3>Camping<\/h3>\n<div>\n<p class=\"p1\">Our camping site will be completed in summer 2022.<\/p>\n<\/div>\n<p><a href=\"\/en\/camping\/\">Read more<\/a><\/p>\n<\/li>\n<\/ul>\n<div>\n<p><iframe width=\"100%\" height=\"450\" style=\"border: 0;\" src=\"https:\/\/www.google.com\/maps\/embed?pb=!1m14!1m8!1m3!1d6422.67960985624!2d29.3931143!3d66.2690801!3m2!1i1024!2i768!4f13.1!3m3!1m2!1s0x0000000000000000%3A0x877757a4848a2df6!2sStella%20Polaris%20Adventures%20Koskenlaskukeskus%20Rafting%20Center!5e0!3m2!1sfi!2sfi!4v1652088049426!5m2!1sfi!2sfi\" allowfullscreen=\"allowfullscreen\" loading=\"lazy\" referrerpolicy=\"no-referrer-when-downgrade\"><\/iframe><\/p>\n<\/div>\n<p><!--more--><br \/>\n<!-- {\"type\":\"layout\",\"children\":[{\"type\":\"section\",\"props\":{\"style\":\"default\",\"width\":\"large\",\"vertical_align\":\"middle\",\"title_position\":\"top-left\",\"title_rotation\":\"left\",\"title_breakpoint\":\"xl\",\"image_position\":\"bottom-center\",\"text_color\":\"light\",\"padding\":\"xlarge\",\"image\":\"wp-content\\\/uploads\\\/2022\\\/05\\\/koskenlaskua-suvanto.jpg\",\"image_size\":\"cover\"},\"children\":[{\"type\":\"row\",\"children\":[{\"type\":\"column\",\"props\":{\"image_position\":\"center-center\",\"media_overlay_gradient\":\"\",\"width_medium\":\"1-1\",\"position_sticky_breakpoint\":\"m\"},\"children\":[{\"type\":\"headline\",\"props\":{\"title_element\":\"h1\",\"title_style\":\"heading-medium\",\"content\":\"Summer in Juuma\"}}]}]}]},{\"type\":\"section\",\"props\":{\"style\":\"default\",\"width\":\"default\",\"vertical_align\":\"middle\",\"title_position\":\"top-left\",\"title_rotation\":\"left\",\"title_breakpoint\":\"xl\",\"image_position\":\"center-center\"},\"children\":[{\"type\":\"row\",\"children\":[{\"type\":\"column\",\"props\":{\"position_sticky_breakpoint\":\"m\",\"image_position\":\"center-center\",\"media_overlay_gradient\":\"\"},\"children\":[{\"type\":\"grid\",\"props\":{\"show_title\":true,\"show_meta\":true,\"show_content\":true,\"show_image\":true,\"show_link\":true,\"grid_default\":\"1\",\"grid_medium\":\"3\",\"filter_style\":\"tab\",\"filter_all\":true,\"filter_position\":\"top\",\"filter_align\":\"left\",\"filter_grid_width\":\"auto\",\"filter_grid_breakpoint\":\"m\",\"title_hover_style\":\"reset\",\"title_element\":\"h3\",\"title_align\":\"top\",\"title_grid_width\":\"1-2\",\"title_grid_breakpoint\":\"m\",\"meta_style\":\"meta\",\"meta_align\":\"below-title\",\"meta_element\":\"div\",\"content_column_breakpoint\":\"m\",\"icon_width\":80,\"image_align\":\"top\",\"image_grid_width\":\"1-2\",\"image_grid_breakpoint\":\"m\",\"image_svg_color\":\"emphasis\",\"link_text\":\"Read more and book\",\"link_style\":\"text\",\"margin\":\"default\",\"item_animation\":true,\"panel_link\":true,\"panel_style\":\"card-default\",\"panel_image_no_padding\":true,\"panel_padding\":\"small\",\"title_link\":true,\"image_link\":true,\"text_align\":\"center\",\"title_style\":\"h3\",\"link_margin\":\"small\",\"image_width\":\"800\",\"image_height\":\"533\",\"grid_small\":\"2\"},\"children\":[{\"type\":\"grid_item\",\"props\":{\"title\":\"White water rafting\",\"content\":\"\n\n<p class=\\\"p1\\\">Take part in rafting adventures led by our trained captains in the magnificent scenery of River Kitkajoki in Kuusamo!<\\\/p>\",\"image\":\"wp-content\\\/uploads\\\/2016\\\/08\\\/koskenlasku-perhereitti.jpg\",\"link\":\"en\\\/river-rafting-adventures\\\/\"}},{\"type\":\"grid_item\",\"props\":{\"title\":\"Equipment rental\",\"image\":\"wp-content\\\/uploads\\\/2022\\\/05\\\/pyoravuokraus.jpg\",\"content\":\"\n\n<p>For excample Moutain bikes\\u00a0<\\\/p>\",\"link\":\"en\\\/rental-company\\\/\"}},{\"type\":\"grid_item\",\"props\":{\"title\":\"Cafe\",\"image\":\"wp-content\\\/uploads\\\/2022\\\/05\\\/pannukahvia.jpg\",\"link\":\"en\\\/cafe\\\/\",\"link_text\":\"Opening hours\",\"content\":\"\n\n<p class=\\\"p1\\\">Our caf\\u00e9 serves savoury and sweet snacks, as well as hot and cold drinks.<\\\/p>\\n\n\n<p class=\\\"p1\\\">The terrace seats 40 people. The caf\\u00e9 is licenced.<\\\/p>\"}},{\"type\":\"grid_item\",\"props\":{\"title\":\"Saunas\",\"image\":\"wp-content\\\/uploads\\\/2022\\\/05\\\/vastat.jpg\",\"link\":\"en\\\/saunas\\\/\",\"content\":\"\n\n<p class=\\\"p1\\\">Two renovated saunas, a traditional wood-burning sauna and a smoke sauna.<\\\/p>\"}},{\"type\":\"grid_item\",\"props\":{\"title\":\"Fishing permits\",\"image\":\"wp-content\\\/uploads\\\/2022\\\/05\\\/perhokalastaja.jpg\",\"content\":\"\n\n<p class=\\\"p1\\\">Get fishing permits for the Kuusamo rivers Kitkajoki, Oulankajoki and Kuusinkijoki from our online store<span class=\\\"Apple-converted-space\\\">\\u00a0<\\\/span><\\\/p>\",\"link\":\"en\\\/fishing\\\/\"}},{\"type\":\"grid_item\",\"props\":{\"title\":\"Camping\",\"image\":\"wp-content\\\/uploads\\\/2022\\\/05\\\/karavaanari.jpg\",\"link\":\"en\\\/camping\\\/\",\"content\":\"\n\n<p class=\\\"p1\\\">Our camping site will be completed in summer 2022.<\\\/p>\",\"link_text\":\"Read more\"}}],\"name\":\"koskenlaskugrid\"}]}]}]},{\"type\":\"section\",\"props\":{\"style\":\"default\",\"width\":\"\",\"vertical_align\":\"middle\",\"title_position\":\"top-left\",\"title_rotation\":\"left\",\"title_breakpoint\":\"xl\",\"image_position\":\"center-center\",\"padding\":\"none\"},\"children\":[{\"type\":\"row\",\"children\":[{\"type\":\"column\",\"props\":{\"position_sticky_breakpoint\":\"m\",\"image_position\":\"center-center\",\"media_overlay_gradient\":\"\"},\"children\":[{\"type\":\"text\",\"props\":{\"margin\":\"default\",\"column_breakpoint\":\"m\",\"content\":\"\n\n<p><iframe width=\\\"100%\\\" height=\\\"450\\\" style=\\\"border: 0;\\\" src=\\\"https:\\\/\\\/www.google.com\\\/maps\\\/embed?pb=!1m14!1m8!1m3!1d6422.67960985624!2d29.3931143!3d66.2690801!3m2!1i1024!2i768!4f13.1!3m3!1m2!1s0x0000000000000000%3A0x877757a4848a2df6!2sStella%20Polaris%20Adventures%20Koskenlaskukeskus%20Rafting%20Center!5e0!3m2!1sfi!2sfi!4v1652088049426!5m2!1sfi!2sfi\\\" allowfullscreen=\\\"allowfullscreen\\\" loading=\\\"lazy\\\" referrerpolicy=\\\"no-referrer-when-downgrade\\\"><\\\/iframe><\\\/p>\"}}]}]}],\"name\":\"iso kartta\"}],\"version\":\"2.7.22\"} --><\/p>\n","protected":false},"excerpt":{"rendered":"<p>Summer in Juuma White water rafting Take part in rafting adventures led by our trained captains in the magnificent scenery of River Kitkajoki in Kuusamo! Read more and book Equipment rental For excample Moutain bikes\u00a0 Read more and book Cafe Our caf\u00e9 serves savoury and sweet snacks, as well as hot and cold drinks. The [&hellip;]<\/p>\n","protected":false},"author":1,"featured_media":24480,"parent":0,"menu_order":0,"comment_status":"closed","ping_status":"closed","template":"","meta":{"footnotes":""},"class_list":["post-780","page","type-page","status-publish","has-post-thumbnail","hentry"],"yoast_head":"<!-- This site is optimized with the Yoast SEO plugin v27.5 - https:\/\/yoast.com\/product\/yoast-seo-wordpress\/ -->\n<title>Summer Programs - Stella Polaris Adventures | Ruka - Kuusamo<\/title>\n<meta name=\"description\" content=\"Eri mittaisia ja tasoisia koskenlaskuseikkailuja Kuusamon Kitkajoella. J\u00e4nnitt\u00e4v\u00e4 paintball peli sopii ryhmille, polttari- ja ty\u00f6porukoille\" \/>\n<meta name=\"robots\" content=\"index, follow, max-snippet:-1, max-image-preview:large, max-video-preview:-1\" \/>\n<link rel=\"canonical\" href=\"https:\/\/stellapolaris.fi\/en\/summer-programs\/\" \/>\n<meta property=\"og:locale\" content=\"en_US\" \/>\n<meta property=\"og:type\" content=\"article\" \/>\n<meta property=\"og:title\" content=\"Summer Programs - Stella Polaris Adventures | Ruka - Kuusamo\" \/>\n<meta property=\"og:description\" content=\"Eri mittaisia ja tasoisia koskenlaskuseikkailuja Kuusamon Kitkajoella. J\u00e4nnitt\u00e4v\u00e4 paintball peli sopii ryhmille, polttari- ja ty\u00f6porukoille\" \/>\n<meta property=\"og:url\" content=\"https:\/\/stellapolaris.fi\/en\/summer-programs\/\" \/>\n<meta property=\"og:site_name\" content=\"Stella Polaris Adventures | Ruka - Kuusamo\" \/>\n<meta property=\"article:publisher\" content=\"https:\/\/www.facebook.com\/stellapolarisadventures\" \/>\n<meta property=\"article:modified_time\" content=\"2022-06-07T10:02:09+00:00\" \/>\n<meta property=\"og:image\" content=\"https:\/\/stellapolaris.fi\/wp-content\/uploads\/2019\/09\/stellapolaris-perhereitti.jpg\" \/>\n\t<meta property=\"og:image:width\" content=\"1550\" \/>\n\t<meta property=\"og:image:height\" content=\"640\" \/>\n\t<meta property=\"og:image:type\" content=\"image\/jpeg\" \/>\n<meta name=\"twitter:card\" content=\"summary_large_image\" \/>\n<meta name=\"twitter:label1\" content=\"Est. reading time\" \/>\n\t<meta name=\"twitter:data1\" content=\"1 minute\" \/>\n<script type=\"application\/ld+json\" class=\"yoast-schema-graph\">{\"@context\":\"https:\\\/\\\/schema.org\",\"@graph\":[{\"@type\":\"WebPage\",\"@id\":\"https:\\\/\\\/stellapolaris.fi\\\/en\\\/summer-programs\\\/\",\"url\":\"https:\\\/\\\/stellapolaris.fi\\\/en\\\/summer-programs\\\/\",\"name\":\"Summer Programs - Stella Polaris Adventures | Ruka - Kuusamo\",\"isPartOf\":{\"@id\":\"https:\\\/\\\/stellapolaris.fi\\\/en\\\/#website\"},\"primaryImageOfPage\":{\"@id\":\"https:\\\/\\\/stellapolaris.fi\\\/en\\\/summer-programs\\\/#primaryimage\"},\"image\":{\"@id\":\"https:\\\/\\\/stellapolaris.fi\\\/en\\\/summer-programs\\\/#primaryimage\"},\"thumbnailUrl\":\"https:\\\/\\\/stellapolaris.fi\\\/wp-content\\\/uploads\\\/2019\\\/09\\\/stellapolaris-perhereitti.jpg\",\"datePublished\":\"2015-05-07T13:12:11+00:00\",\"dateModified\":\"2022-06-07T10:02:09+00:00\",\"description\":\"Eri mittaisia ja tasoisia koskenlaskuseikkailuja Kuusamon Kitkajoella. J\u00e4nnitt\u00e4v\u00e4 paintball peli sopii ryhmille, polttari- ja ty\u00f6porukoille\",\"breadcrumb\":{\"@id\":\"https:\\\/\\\/stellapolaris.fi\\\/en\\\/summer-programs\\\/#breadcrumb\"},\"inLanguage\":\"en-US\",\"potentialAction\":[{\"@type\":\"ReadAction\",\"target\":[\"https:\\\/\\\/stellapolaris.fi\\\/en\\\/summer-programs\\\/\"]}]},{\"@type\":\"ImageObject\",\"inLanguage\":\"en-US\",\"@id\":\"https:\\\/\\\/stellapolaris.fi\\\/en\\\/summer-programs\\\/#primaryimage\",\"url\":\"https:\\\/\\\/stellapolaris.fi\\\/wp-content\\\/uploads\\\/2019\\\/09\\\/stellapolaris-perhereitti.jpg\",\"contentUrl\":\"https:\\\/\\\/stellapolaris.fi\\\/wp-content\\\/uploads\\\/2019\\\/09\\\/stellapolaris-perhereitti.jpg\",\"width\":1550,\"height\":640},{\"@type\":\"BreadcrumbList\",\"@id\":\"https:\\\/\\\/stellapolaris.fi\\\/en\\\/summer-programs\\\/#breadcrumb\",\"itemListElement\":[{\"@type\":\"ListItem\",\"position\":1,\"name\":\"Home\",\"item\":\"https:\\\/\\\/stellapolaris.fi\\\/en\\\/\"},{\"@type\":\"ListItem\",\"position\":2,\"name\":\"Summer Programs\"}]},{\"@type\":\"WebSite\",\"@id\":\"https:\\\/\\\/stellapolaris.fi\\\/en\\\/#website\",\"url\":\"https:\\\/\\\/stellapolaris.fi\\\/en\\\/\",\"name\":\"Stella Polaris Adventures | Ruka - Kuusamo\",\"description\":\"Safaritalo ja kelkkavuokraamo\",\"publisher\":{\"@id\":\"https:\\\/\\\/stellapolaris.fi\\\/en\\\/#organization\"},\"potentialAction\":[{\"@type\":\"SearchAction\",\"target\":{\"@type\":\"EntryPoint\",\"urlTemplate\":\"https:\\\/\\\/stellapolaris.fi\\\/en\\\/?s={search_term_string}\"},\"query-input\":{\"@type\":\"PropertyValueSpecification\",\"valueRequired\":true,\"valueName\":\"search_term_string\"}}],\"inLanguage\":\"en-US\"},{\"@type\":\"Organization\",\"@id\":\"https:\\\/\\\/stellapolaris.fi\\\/en\\\/#organization\",\"name\":\"Stella Polaris Adventures\",\"url\":\"https:\\\/\\\/stellapolaris.fi\\\/en\\\/\",\"logo\":{\"@type\":\"ImageObject\",\"inLanguage\":\"en-US\",\"@id\":\"https:\\\/\\\/stellapolaris.fi\\\/en\\\/#\\\/schema\\\/logo\\\/image\\\/\",\"url\":\"https:\\\/\\\/stellapolaris.fi\\\/wp-content\\\/uploads\\\/2019\\\/09\\\/stellalogo-iso.png\",\"contentUrl\":\"https:\\\/\\\/stellapolaris.fi\\\/wp-content\\\/uploads\\\/2019\\\/09\\\/stellalogo-iso.png\",\"width\":640,\"height\":640,\"caption\":\"Stella Polaris Adventures\"},\"image\":{\"@id\":\"https:\\\/\\\/stellapolaris.fi\\\/en\\\/#\\\/schema\\\/logo\\\/image\\\/\"},\"sameAs\":[\"https:\\\/\\\/www.facebook.com\\\/stellapolarisadventures\",\"https:\\\/\\\/www.instagram.com\\\/stellapolarisadventures\\\/?hl=fi\"]}]}<\/script>\n<!-- \/ Yoast SEO plugin. -->","yoast_head_json":{"title":"Summer Programs - Stella Polaris Adventures | Ruka - Kuusamo","description":"Eri mittaisia ja tasoisia koskenlaskuseikkailuja Kuusamon Kitkajoella. J\u00e4nnitt\u00e4v\u00e4 paintball peli sopii ryhmille, polttari- ja ty\u00f6porukoille","robots":{"index":"index","follow":"follow","max-snippet":"max-snippet:-1","max-image-preview":"max-image-preview:large","max-video-preview":"max-video-preview:-1"},"canonical":"https:\/\/stellapolaris.fi\/en\/summer-programs\/","og_locale":"en_US","og_type":"article","og_title":"Summer Programs - Stella Polaris Adventures | Ruka - Kuusamo","og_description":"Eri mittaisia ja tasoisia koskenlaskuseikkailuja Kuusamon Kitkajoella. J\u00e4nnitt\u00e4v\u00e4 paintball peli sopii ryhmille, polttari- ja ty\u00f6porukoille","og_url":"https:\/\/stellapolaris.fi\/en\/summer-programs\/","og_site_name":"Stella Polaris Adventures | Ruka - Kuusamo","article_publisher":"https:\/\/www.facebook.com\/stellapolarisadventures","article_modified_time":"2022-06-07T10:02:09+00:00","og_image":[{"width":1550,"height":640,"url":"https:\/\/stellapolaris.fi\/wp-content\/uploads\/2019\/09\/stellapolaris-perhereitti.jpg","type":"image\/jpeg"}],"twitter_card":"summary_large_image","twitter_misc":{"Est. reading time":"1 minute"},"schema":{"@context":"https:\/\/schema.org","@graph":[{"@type":"WebPage","@id":"https:\/\/stellapolaris.fi\/en\/summer-programs\/","url":"https:\/\/stellapolaris.fi\/en\/summer-programs\/","name":"Summer Programs - Stella Polaris Adventures | Ruka - Kuusamo","isPartOf":{"@id":"https:\/\/stellapolaris.fi\/en\/#website"},"primaryImageOfPage":{"@id":"https:\/\/stellapolaris.fi\/en\/summer-programs\/#primaryimage"},"image":{"@id":"https:\/\/stellapolaris.fi\/en\/summer-programs\/#primaryimage"},"thumbnailUrl":"https:\/\/stellapolaris.fi\/wp-content\/uploads\/2019\/09\/stellapolaris-perhereitti.jpg","datePublished":"2015-05-07T13:12:11+00:00","dateModified":"2022-06-07T10:02:09+00:00","description":"Eri mittaisia ja tasoisia koskenlaskuseikkailuja Kuusamon Kitkajoella. J\u00e4nnitt\u00e4v\u00e4 paintball peli sopii ryhmille, polttari- ja ty\u00f6porukoille","breadcrumb":{"@id":"https:\/\/stellapolaris.fi\/en\/summer-programs\/#breadcrumb"},"inLanguage":"en-US","potentialAction":[{"@type":"ReadAction","target":["https:\/\/stellapolaris.fi\/en\/summer-programs\/"]}]},{"@type":"ImageObject","inLanguage":"en-US","@id":"https:\/\/stellapolaris.fi\/en\/summer-programs\/#primaryimage","url":"https:\/\/stellapolaris.fi\/wp-content\/uploads\/2019\/09\/stellapolaris-perhereitti.jpg","contentUrl":"https:\/\/stellapolaris.fi\/wp-content\/uploads\/2019\/09\/stellapolaris-perhereitti.jpg","width":1550,"height":640},{"@type":"BreadcrumbList","@id":"https:\/\/stellapolaris.fi\/en\/summer-programs\/#breadcrumb","itemListElement":[{"@type":"ListItem","position":1,"name":"Home","item":"https:\/\/stellapolaris.fi\/en\/"},{"@type":"ListItem","position":2,"name":"Summer Programs"}]},{"@type":"WebSite","@id":"https:\/\/stellapolaris.fi\/en\/#website","url":"https:\/\/stellapolaris.fi\/en\/","name":"Stella Polaris Adventures | Ruka - Kuusamo","description":"Safaritalo ja kelkkavuokraamo","publisher":{"@id":"https:\/\/stellapolaris.fi\/en\/#organization"},"potentialAction":[{"@type":"SearchAction","target":{"@type":"EntryPoint","urlTemplate":"https:\/\/stellapolaris.fi\/en\/?s={search_term_string}"},"query-input":{"@type":"PropertyValueSpecification","valueRequired":true,"valueName":"search_term_string"}}],"inLanguage":"en-US"},{"@type":"Organization","@id":"https:\/\/stellapolaris.fi\/en\/#organization","name":"Stella Polaris Adventures","url":"https:\/\/stellapolaris.fi\/en\/","logo":{"@type":"ImageObject","inLanguage":"en-US","@id":"https:\/\/stellapolaris.fi\/en\/#\/schema\/logo\/image\/","url":"https:\/\/stellapolaris.fi\/wp-content\/uploads\/2019\/09\/stellalogo-iso.png","contentUrl":"https:\/\/stellapolaris.fi\/wp-content\/uploads\/2019\/09\/stellalogo-iso.png","width":640,"height":640,"caption":"Stella Polaris Adventures"},"image":{"@id":"https:\/\/stellapolaris.fi\/en\/#\/schema\/logo\/image\/"},"sameAs":["https:\/\/www.facebook.com\/stellapolarisadventures","https:\/\/www.instagram.com\/stellapolarisadventures\/?hl=fi"]}]}},"_links":{"self":[{"href":"https:\/\/stellapolaris.fi\/en\/wp-json\/wp\/v2\/pages\/780","targetHints":{"allow":["GET"]}}],"collection":[{"href":"https:\/\/stellapolaris.fi\/en\/wp-json\/wp\/v2\/pages"}],"about":[{"href":"https:\/\/stellapolaris.fi\/en\/wp-json\/wp\/v2\/types\/page"}],"author":[{"embeddable":true,"href":"https:\/\/stellapolaris.fi\/en\/wp-json\/wp\/v2\/users\/1"}],"replies":[{"embeddable":true,"href":"https:\/\/stellapolaris.fi\/en\/wp-json\/wp\/v2\/comments?post=780"}],"version-history":[{"count":13,"href":"https:\/\/stellapolaris.fi\/en\/wp-json\/wp\/v2\/pages\/780\/revisions"}],"predecessor-version":[{"id":149820,"href":"https:\/\/stellapolaris.fi\/en\/wp-json\/wp\/v2\/pages\/780\/revisions\/149820"}],"wp:featuredmedia":[{"embeddable":true,"href":"https:\/\/stellapolaris.fi\/en\/wp-json\/wp\/v2\/media\/24480"}],"wp:attachment":[{"href":"https:\/\/stellapolaris.fi\/en\/wp-json\/wp\/v2\/media?parent=780"}],"curies":[{"name":"wp","href":"https:\/\/api.w.org\/{rel}","templated":true}]}}