{"id":771,"date":"2015-05-18T08:52:37","date_gmt":"2015-05-18T05:52:37","guid":{"rendered":"http:\/\/www.stellapolaris.fi\/uusi\/?page_id=771"},"modified":"2026-04-17T08:45:14","modified_gmt":"2026-04-17T05:45:14","slug":"fishing","status":"publish","type":"page","link":"https:\/\/stellapolaris.fi\/en\/fishing\/","title":{"rendered":"Fishing permits"},"content":{"rendered":"<h1>Fishing licences for Kuusamo rivers<\/h1>\n<h2><a href=\"https:\/\/stellapolaris.fi\/en\/equipment-rental\/\"><\/p>\n<p class=\"p1\">Fishing permits from our online store<\/p>\n<p><\/a><\/h2>\n<div>\n<p>No availability in our web shop.<\/p>\n<\/div>\n<p><!--more--><br \/>\n<!-- {\"name\":\"kes\\u00e4ohjelmat\",\"type\":\"layout\",\"children\":[{\"type\":\"section\",\"props\":{\"image\":\"wp-content\\\/uploads\\\/2015\\\/05\\\/etusivu-maisema.jpg\",\"image_position\":\"bottom-center\",\"image_size\":\"cover\",\"padding\":\"xlarge\",\"style\":\"default\",\"text_color\":\"light\",\"title_breakpoint\":\"xl\",\"title_position\":\"top-left\",\"title_rotation\":\"left\",\"vertical_align\":\"\",\"width\":\"large\"},\"children\":[{\"type\":\"row\",\"children\":[{\"type\":\"column\",\"props\":{\"image_position\":\"center-center\",\"position_sticky_breakpoint\":\"m\",\"width_medium\":\"1-1\"},\"children\":[{\"type\":\"headline\",\"props\":{\"content\":\"Fishing licences for Kuusamo rivers\",\"title_element\":\"h1\",\"title_style\":\"heading-medium\"}}]}]}]},{\"type\":\"section\",\"props\":{\"image_position\":\"center-center\",\"style\":\"default\",\"title_breakpoint\":\"xl\",\"title_position\":\"top-left\",\"title_rotation\":\"left\",\"vertical_align\":\"\",\"width\":\"large\"},\"children\":[{\"type\":\"row\",\"children\":[{\"type\":\"column\",\"props\":{\"image_position\":\"center-center\",\"position_sticky_breakpoint\":\"m\",\"width_medium\":\"1-1\"},\"children\":[{\"type\":\"headline\",\"props\":{\"content\":\"\n\n<p class=\\\"p1\\\">Fishing permits from our online store<\\\/p>\",\"link\":\"https:\\\/\\\/stellapolaris.fi\\\/valinevuokraus-juumassa\\\/\",\"link_target\":true,\"title_element\":\"h2\",\"title_style\":\"h2\"}},{\"type\":\"text\",\"props\":{\"column_breakpoint\":\"m\",\"content\":\"\n\n<p>No availability in our web shop.<\\\/p>\",\"margin\":\"default\"}}]}]}]}],\"version\":\"4.5.32\"} --><\/p>\n","protected":false},"excerpt":{"rendered":"<p>Fishing licences for Kuusamo rivers Fishing permits from our online store No availability in our web shop.<\/p>\n","protected":false},"author":1,"featured_media":0,"parent":0,"menu_order":0,"comment_status":"closed","ping_status":"closed","template":"","meta":{"footnotes":""},"class_list":["post-771","page","type-page","status-publish","hentry"],"yoast_head":"<!-- This site is optimized with the Yoast SEO plugin v27.5 - https:\/\/yoast.com\/product\/yoast-seo-wordpress\/ -->\n<title>Fishing permits - Stella Polaris Adventures | Ruka - Kuusamo<\/title>\n<meta name=\"description\" content=\"Kalastusluvat Kuusamon jokiin helposti puhelimella tai tietokoneella verkkokaupasta. Meilt\u00e4 l\u00f6yd\u00e4t luvat Kitkajokeen,Oulankajokeen ja Kuusinkijokeen.\" \/>\n<meta name=\"robots\" content=\"index, follow, max-snippet:-1, max-image-preview:large, max-video-preview:-1\" \/>\n<link rel=\"canonical\" href=\"https:\/\/stellapolaris.fi\/en\/fishing\/\" \/>\n<meta property=\"og:locale\" content=\"en_US\" \/>\n<meta property=\"og:type\" content=\"article\" \/>\n<meta property=\"og:title\" content=\"Fishing permits - Stella Polaris Adventures | Ruka - Kuusamo\" \/>\n<meta property=\"og:description\" content=\"Kalastusluvat Kuusamon jokiin helposti puhelimella tai tietokoneella verkkokaupasta. Meilt\u00e4 l\u00f6yd\u00e4t luvat Kitkajokeen,Oulankajokeen ja Kuusinkijokeen.\" \/>\n<meta property=\"og:url\" content=\"https:\/\/stellapolaris.fi\/en\/fishing\/\" \/>\n<meta property=\"og:site_name\" content=\"Stella Polaris Adventures | Ruka - Kuusamo\" \/>\n<meta property=\"article:publisher\" content=\"https:\/\/www.facebook.com\/stellapolarisadventures\" \/>\n<meta property=\"article:modified_time\" content=\"2026-04-17T05:45:14+00:00\" \/>\n<meta name=\"twitter:card\" content=\"summary_large_image\" \/>\n<meta name=\"twitter:label1\" content=\"Est. reading time\" \/>\n\t<meta name=\"twitter:data1\" content=\"3 minutes\" \/>\n<script type=\"application\/ld+json\" class=\"yoast-schema-graph\">{\"@context\":\"https:\\\/\\\/schema.org\",\"@graph\":[{\"@type\":\"WebPage\",\"@id\":\"https:\\\/\\\/stellapolaris.fi\\\/en\\\/fishing\\\/\",\"url\":\"https:\\\/\\\/stellapolaris.fi\\\/en\\\/fishing\\\/\",\"name\":\"Fishing permits - Stella Polaris Adventures | Ruka - Kuusamo\",\"isPartOf\":{\"@id\":\"https:\\\/\\\/stellapolaris.fi\\\/en\\\/#website\"},\"datePublished\":\"2015-05-18T05:52:37+00:00\",\"dateModified\":\"2026-04-17T05:45:14+00:00\",\"description\":\"Kalastusluvat Kuusamon jokiin helposti puhelimella tai tietokoneella verkkokaupasta. Meilt\u00e4 l\u00f6yd\u00e4t luvat Kitkajokeen,Oulankajokeen ja Kuusinkijokeen.\",\"breadcrumb\":{\"@id\":\"https:\\\/\\\/stellapolaris.fi\\\/en\\\/fishing\\\/#breadcrumb\"},\"inLanguage\":\"en-US\",\"potentialAction\":[{\"@type\":\"ReadAction\",\"target\":[\"https:\\\/\\\/stellapolaris.fi\\\/en\\\/fishing\\\/\"]}]},{\"@type\":\"BreadcrumbList\",\"@id\":\"https:\\\/\\\/stellapolaris.fi\\\/en\\\/fishing\\\/#breadcrumb\",\"itemListElement\":[{\"@type\":\"ListItem\",\"position\":1,\"name\":\"Home\",\"item\":\"https:\\\/\\\/stellapolaris.fi\\\/en\\\/\"},{\"@type\":\"ListItem\",\"position\":2,\"name\":\"Fishing permits\"}]},{\"@type\":\"WebSite\",\"@id\":\"https:\\\/\\\/stellapolaris.fi\\\/en\\\/#website\",\"url\":\"https:\\\/\\\/stellapolaris.fi\\\/en\\\/\",\"name\":\"Stella Polaris Adventures | Ruka - Kuusamo\",\"description\":\"Safaritalo ja kelkkavuokraamo\",\"publisher\":{\"@id\":\"https:\\\/\\\/stellapolaris.fi\\\/en\\\/#organization\"},\"potentialAction\":[{\"@type\":\"SearchAction\",\"target\":{\"@type\":\"EntryPoint\",\"urlTemplate\":\"https:\\\/\\\/stellapolaris.fi\\\/en\\\/?s={search_term_string}\"},\"query-input\":{\"@type\":\"PropertyValueSpecification\",\"valueRequired\":true,\"valueName\":\"search_term_string\"}}],\"inLanguage\":\"en-US\"},{\"@type\":\"Organization\",\"@id\":\"https:\\\/\\\/stellapolaris.fi\\\/en\\\/#organization\",\"name\":\"Stella Polaris Adventures\",\"url\":\"https:\\\/\\\/stellapolaris.fi\\\/en\\\/\",\"logo\":{\"@type\":\"ImageObject\",\"inLanguage\":\"en-US\",\"@id\":\"https:\\\/\\\/stellapolaris.fi\\\/en\\\/#\\\/schema\\\/logo\\\/image\\\/\",\"url\":\"https:\\\/\\\/stellapolaris.fi\\\/wp-content\\\/uploads\\\/2019\\\/09\\\/stellalogo-iso.png\",\"contentUrl\":\"https:\\\/\\\/stellapolaris.fi\\\/wp-content\\\/uploads\\\/2019\\\/09\\\/stellalogo-iso.png\",\"width\":640,\"height\":640,\"caption\":\"Stella Polaris Adventures\"},\"image\":{\"@id\":\"https:\\\/\\\/stellapolaris.fi\\\/en\\\/#\\\/schema\\\/logo\\\/image\\\/\"},\"sameAs\":[\"https:\\\/\\\/www.facebook.com\\\/stellapolarisadventures\",\"https:\\\/\\\/www.instagram.com\\\/stellapolarisadventures\\\/?hl=fi\"]}]}<\/script>\n<!-- \/ Yoast SEO plugin. -->","yoast_head_json":{"title":"Fishing permits - Stella Polaris Adventures | Ruka - Kuusamo","description":"Kalastusluvat Kuusamon jokiin helposti puhelimella tai tietokoneella verkkokaupasta. Meilt\u00e4 l\u00f6yd\u00e4t luvat Kitkajokeen,Oulankajokeen ja Kuusinkijokeen.","robots":{"index":"index","follow":"follow","max-snippet":"max-snippet:-1","max-image-preview":"max-image-preview:large","max-video-preview":"max-video-preview:-1"},"canonical":"https:\/\/stellapolaris.fi\/en\/fishing\/","og_locale":"en_US","og_type":"article","og_title":"Fishing permits - Stella Polaris Adventures | Ruka - Kuusamo","og_description":"Kalastusluvat Kuusamon jokiin helposti puhelimella tai tietokoneella verkkokaupasta. Meilt\u00e4 l\u00f6yd\u00e4t luvat Kitkajokeen,Oulankajokeen ja Kuusinkijokeen.","og_url":"https:\/\/stellapolaris.fi\/en\/fishing\/","og_site_name":"Stella Polaris Adventures | Ruka - Kuusamo","article_publisher":"https:\/\/www.facebook.com\/stellapolarisadventures","article_modified_time":"2026-04-17T05:45:14+00:00","twitter_card":"summary_large_image","twitter_misc":{"Est. reading time":"3 minutes"},"schema":{"@context":"https:\/\/schema.org","@graph":[{"@type":"WebPage","@id":"https:\/\/stellapolaris.fi\/en\/fishing\/","url":"https:\/\/stellapolaris.fi\/en\/fishing\/","name":"Fishing permits - Stella Polaris Adventures | Ruka - Kuusamo","isPartOf":{"@id":"https:\/\/stellapolaris.fi\/en\/#website"},"datePublished":"2015-05-18T05:52:37+00:00","dateModified":"2026-04-17T05:45:14+00:00","description":"Kalastusluvat Kuusamon jokiin helposti puhelimella tai tietokoneella verkkokaupasta. Meilt\u00e4 l\u00f6yd\u00e4t luvat Kitkajokeen,Oulankajokeen ja Kuusinkijokeen.","breadcrumb":{"@id":"https:\/\/stellapolaris.fi\/en\/fishing\/#breadcrumb"},"inLanguage":"en-US","potentialAction":[{"@type":"ReadAction","target":["https:\/\/stellapolaris.fi\/en\/fishing\/"]}]},{"@type":"BreadcrumbList","@id":"https:\/\/stellapolaris.fi\/en\/fishing\/#breadcrumb","itemListElement":[{"@type":"ListItem","position":1,"name":"Home","item":"https:\/\/stellapolaris.fi\/en\/"},{"@type":"ListItem","position":2,"name":"Fishing permits"}]},{"@type":"WebSite","@id":"https:\/\/stellapolaris.fi\/en\/#website","url":"https:\/\/stellapolaris.fi\/en\/","name":"Stella Polaris Adventures | Ruka - Kuusamo","description":"Safaritalo ja kelkkavuokraamo","publisher":{"@id":"https:\/\/stellapolaris.fi\/en\/#organization"},"potentialAction":[{"@type":"SearchAction","target":{"@type":"EntryPoint","urlTemplate":"https:\/\/stellapolaris.fi\/en\/?s={search_term_string}"},"query-input":{"@type":"PropertyValueSpecification","valueRequired":true,"valueName":"search_term_string"}}],"inLanguage":"en-US"},{"@type":"Organization","@id":"https:\/\/stellapolaris.fi\/en\/#organization","name":"Stella Polaris Adventures","url":"https:\/\/stellapolaris.fi\/en\/","logo":{"@type":"ImageObject","inLanguage":"en-US","@id":"https:\/\/stellapolaris.fi\/en\/#\/schema\/logo\/image\/","url":"https:\/\/stellapolaris.fi\/wp-content\/uploads\/2019\/09\/stellalogo-iso.png","contentUrl":"https:\/\/stellapolaris.fi\/wp-content\/uploads\/2019\/09\/stellalogo-iso.png","width":640,"height":640,"caption":"Stella Polaris Adventures"},"image":{"@id":"https:\/\/stellapolaris.fi\/en\/#\/schema\/logo\/image\/"},"sameAs":["https:\/\/www.facebook.com\/stellapolarisadventures","https:\/\/www.instagram.com\/stellapolarisadventures\/?hl=fi"]}]}},"_links":{"self":[{"href":"https:\/\/stellapolaris.fi\/en\/wp-json\/wp\/v2\/pages\/771","targetHints":{"allow":["GET"]}}],"collection":[{"href":"https:\/\/stellapolaris.fi\/en\/wp-json\/wp\/v2\/pages"}],"about":[{"href":"https:\/\/stellapolaris.fi\/en\/wp-json\/wp\/v2\/types\/page"}],"author":[{"embeddable":true,"href":"https:\/\/stellapolaris.fi\/en\/wp-json\/wp\/v2\/users\/1"}],"replies":[{"embeddable":true,"href":"https:\/\/stellapolaris.fi\/en\/wp-json\/wp\/v2\/comments?post=771"}],"version-history":[{"count":18,"href":"https:\/\/stellapolaris.fi\/en\/wp-json\/wp\/v2\/pages\/771\/revisions"}],"predecessor-version":[{"id":152175,"href":"https:\/\/stellapolaris.fi\/en\/wp-json\/wp\/v2\/pages\/771\/revisions\/152175"}],"wp:attachment":[{"href":"https:\/\/stellapolaris.fi\/en\/wp-json\/wp\/v2\/media?parent=771"}],"curies":[{"name":"wp","href":"https:\/\/api.w.org\/{rel}","templated":true}]}}