{"id":149358,"date":"2022-05-09T14:57:36","date_gmt":"2022-05-09T11:57:36","guid":{"rendered":"https:\/\/stellapolaris.fi\/leirintaalue\/"},"modified":"2023-05-26T10:52:39","modified_gmt":"2023-05-26T07:52:39","slug":"camping","status":"publish","type":"page","link":"https:\/\/stellapolaris.fi\/en\/camping\/","title":{"rendered":"Camping at Juuma, Kuusamo"},"content":{"rendered":"<h1>Jyr\u00e4v\u00e4 Camping<\/h1>\n<h2>\n<p>Camping site in Juuma<\/p>\n<\/h2>\n<div>\n<p>At Midsummer 2022, we will open a camping site, caf\u00e9, private saunas, and equipment rental at our white water rafting centre in Juuma village!<\/p>\n<p>Jyr\u00e4v\u00e4 Camping is located on the shore of Lake Juumaj\u00e4rvi that has clear water and sandy beaches.<\/p>\n<p>The area offers great opportunities for outdoor activities.<\/p>\n<p>The distance to the start of Pieni Karhunkierros Trail is 2 km.<\/p>\n<p>You can manage your booking and accommodation through our online store!<\/p>\n<p>Welcome to Jyr\u00e4v\u00e4 Camping<\/p>\n<\/p>\n<\/div>\n<h2>Bookings and Inguiries<\/h2>\n<div>\n<p>You can book a campsite from <a href=\"https:\/\/stellashop.fi\/accommodation\/Jyrava_Camping_Stay_Overnight_Park\/71866\/EN\" target=\"_blank\" rel=\"noopener\"><strong>the online store<\/strong><\/a> upon arrival<\/p>\n<p>Or you can call us <strong><a href=\"tel:+358408433425\">+358 40 843 3425<\/a><\/strong> or send email <strong><a href=\"mailto:info@stellapolaris.fi\">info@stellapolaris.fi<\/a><\/strong><\/p>\n<\/div>\n<h2>Services<\/h2>\n<div>\n<ul>\n<li>Toilets and showers<\/li>\n<li>Chemical disposal point<\/li>\n<li>Summer kitchen<\/li>\n<li>six caravan pitches with electricity<\/li>\n<li>four caravan pitches without electricity\u00a0<\/li>\n<li>Numerous pitches for tents<\/li>\n<\/ul>\n<\/div>\n<h2>Extra services<\/h2>\n<div>\n<ul>\n<li>Private saunas<\/li>\n<li>Summer caf\u00e9<\/li>\n<li>White water rafting<\/li>\n<li>Equipment rental<\/li>\n<li>Transportation<\/li>\n<\/ul>\n<\/div>\n<div>\n<p>        <img decoding=\"async\" src=\"\/wp-content\/uploads\/2019\/09\/kiehtajankamppa.jpeg\" alt=\"\"><\/p>\n<h3>Prices<\/h3>\n<p>Camping starting from \u20ac15\/day<\/p>\n<div>\n<p><strong>Caravan pitches<br \/><\/strong>\u20ac15\/day without electricity\u00a0<br \/>\u20ac20\/day with electricity for lights<\/p>\n<p><strong>Tent pitches<br \/><\/strong>\u20ac10\/day 1\u20132 people<br \/>\u20ac15\/day 2\u20135 people<\/p>\n<p>Check-out time is 13:00<\/p>\n<\/div>\n<\/div>\n<p><!--more--><br \/>\n<!-- {\"name\":\"leirint\\u00e4alue\",\"type\":\"layout\",\"children\":[{\"type\":\"section\",\"props\":{\"height\":\"expand\",\"image\":\"wp-content\\\/uploads\\\/2019\\\/09\\\/kiehtajankamppa.jpeg\",\"image_position\":\"center-center\",\"image_size\":\"cover\",\"padding\":\"xlarge\",\"style\":\"default\",\"text_color\":\"light\",\"title_breakpoint\":\"xl\",\"title_position\":\"top-left\",\"title_rotation\":\"left\",\"vertical_align\":\"middle\",\"width\":\"xlarge\"},\"children\":[{\"type\":\"row\",\"children\":[{\"type\":\"column\",\"props\":{\"image_position\":\"center-center\",\"media_overlay_gradient\":\"\",\"position_sticky_breakpoint\":\"m\",\"width_medium\":\"1-1\"},\"children\":[{\"type\":\"headline\",\"props\":{\"content\":\"Jyr\\u00e4v\\u00e4 Camping\",\"maxwidth\":\"2xlarge\",\"title_element\":\"h1\",\"title_style\":\"heading-large\"}}]}]}]},{\"type\":\"section\",\"props\":{\"image_position\":\"center-center\",\"style\":\"default\",\"title_breakpoint\":\"xl\",\"title_position\":\"top-left\",\"title_rotation\":\"left\",\"vertical_align\":\"middle\",\"width\":\"default\"},\"children\":[{\"type\":\"row\",\"children\":[{\"type\":\"column\",\"props\":{\"image_position\":\"center-center\",\"media_overlay_gradient\":\"\",\"position_sticky_breakpoint\":\"m\",\"width_medium\":\"1-2\"},\"children\":[{\"type\":\"headline\",\"props\":{\"content\":\"\n\n<p>Camping site in Juuma<\\\/p>\",\"title_element\":\"h2\",\"title_style\":\"h2\"}},{\"type\":\"text\",\"props\":{\"column_breakpoint\":\"m\",\"content\":\"\n\n<p>At Midsummer 2022, we will open a camping site, caf\\u00e9, private saunas, and equipment rental at our white water rafting centre in Juuma village!<\\\/p>\\n\n\n<p>Jyr\\u00e4v\\u00e4 Camping is located on the shore of Lake Juumaj\\u00e4rvi that has clear water and sandy beaches.<\\\/p>\\n\n\n<p>The area offers great opportunities for outdoor activities.<\\\/p>\\n\n\n<p>The distance to the start of Pieni Karhunkierros Trail is 2 km.<\\\/p>\\n\n\n<p>You can manage your booking and accommodation through our online store!<\\\/p>\\n\n\n<p>Welcome to Jyr\\u00e4v\\u00e4 Camping<\\\/p>\\n\n\n<p><\\\/p>\",\"margin\":\"default\"}}]},{\"type\":\"column\",\"props\":{\"image_position\":\"center-center\",\"media_overlay_gradient\":\"\",\"position_sticky_breakpoint\":\"m\",\"width_medium\":\"1-2\"},\"children\":[{\"type\":\"headline\",\"props\":{\"content\":\"Bookings and Inguiries\",\"title_element\":\"h2\",\"title_style\":\"h2\"}},{\"type\":\"text\",\"props\":{\"column_breakpoint\":\"m\",\"content\":\"\n\n<p>You can book a campsite from <a href=\\\"https:\\\/\\\/stellashop.fi\\\/accommodation\\\/Jyrava_Camping_Stay_Overnight_Park\\\/71866\\\/EN\\\" target=\\\"_blank\\\" rel=\\\"noopener\\\"><strong>the online store<\\\/strong><\\\/a> upon arrival<\\\/p>\\n\n\n<p>Or you can call us <strong><a href=\\\"tel:+358408433425\\\">+358 40 843 3425<\\\/a><\\\/strong> or send email <strong><a href=\\\"mailto:info@stellapolaris.fi\\\">info@stellapolaris.fi<\\\/a><\\\/strong><\\\/p>\",\"margin\":\"default\"}}]}],\"props\":{\"layout\":\"1-2,1-2\"}},{\"type\":\"row\",\"children\":[{\"type\":\"column\",\"props\":{\"image_position\":\"center-center\",\"media_overlay_gradient\":\"\",\"position_sticky_breakpoint\":\"m\",\"width_medium\":\"1-2\"},\"children\":[{\"type\":\"headline\",\"props\":{\"content\":\"Services\",\"title_element\":\"h2\",\"title_style\":\"h2\"}},{\"type\":\"text\",\"props\":{\"column_breakpoint\":\"m\",\"content\":\"\n\n<ul>\\n\n\n<li>Toilets and showers<\\\/li>\\n\n\n<li>Chemical disposal point<\\\/li>\\n\n\n<li>Summer kitchen<\\\/li>\\n\n\n<li>six caravan pitches with electricity<\\\/li>\\n\n\n<li>four caravan pitches without electricity\\u00a0<\\\/li>\\n\n\n<li>Numerous pitches for tents<\\\/li>\\n<\\\/ul>\",\"margin\":\"default\"}}]},{\"type\":\"column\",\"props\":{\"image_position\":\"center-center\",\"media_overlay_gradient\":\"\",\"position_sticky_breakpoint\":\"m\",\"width_medium\":\"1-2\"},\"children\":[{\"type\":\"headline\",\"props\":{\"content\":\"Extra services\",\"title_element\":\"h2\",\"title_style\":\"h2\"}},{\"type\":\"text\",\"props\":{\"column_breakpoint\":\"m\",\"content\":\"\n\n<ul>\\n\n\n<li>Private saunas<\\\/li>\\n\n\n<li>Summer caf\\u00e9<\\\/li>\\n\n\n<li>White water rafting<\\\/li>\\n\n\n<li>Equipment rental<\\\/li>\\n\n\n<li>Transportation<\\\/li>\\n<\\\/ul>\",\"margin\":\"default\"}}]}],\"props\":{\"layout\":\"1-2,1-2\"}}]},{\"type\":\"section\",\"props\":{\"image_position\":\"center-center\",\"padding\":\"small\",\"style\":\"default\",\"title_breakpoint\":\"xl\",\"title_position\":\"top-left\",\"title_rotation\":\"left\",\"vertical_align\":\"middle\",\"width\":\"default\"},\"children\":[{\"type\":\"row\",\"children\":[{\"type\":\"column\",\"props\":{\"image_position\":\"center-center\",\"media_overlay_gradient\":\"\",\"position_sticky_breakpoint\":\"m\"},\"children\":[{\"type\":\"panel\",\"props\":{\"content\":\"\n\n<p><strong>Caravan pitches<br \\\/><\\\/strong>\\u20ac15\\\/day without electricity\\u00a0<br \\\/>\\u20ac20\\\/day with electricity for lights<\\\/p>\\n\n\n<p><strong>Tent pitches<br \\\/><\\\/strong>\\u20ac10\\\/day 1\\u20132 people<br \\\/>\\u20ac15\\\/day 2\\u20135 people<\\\/p>\\n\n\n<p>Check-out time is 13:00<\\\/p>\",\"content_column_breakpoint\":\"m\",\"icon_width\":80,\"image\":\"wp-content\\\/uploads\\\/2019\\\/09\\\/kiehtajankamppa.jpeg\",\"image_align\":\"left\",\"image_grid_breakpoint\":\"m\",\"image_grid_width\":\"1-2\",\"image_svg_color\":\"emphasis\",\"link_style\":\"default\",\"link_text\":\"Read more\",\"margin\":\"default\",\"meta\":\"Camping starting from \\u20ac15\\\/day\",\"meta_align\":\"below-title\",\"meta_element\":\"div\",\"meta_style\":\"text-meta\",\"panel_image_no_padding\":true,\"panel_padding\":\"small\",\"panel_style\":\"card-secondary\",\"title\":\"Prices\",\"title_align\":\"top\",\"title_element\":\"h3\",\"title_grid_breakpoint\":\"m\",\"title_grid_width\":\"1-2\",\"title_hover_style\":\"reset\"}}]}]}]}],\"version\":\"3.0.31\"} --><\/p>\n","protected":false},"excerpt":{"rendered":"<p>Jyr\u00e4v\u00e4 Camping Camping site in Juuma At Midsummer 2022, we will open a camping site, caf\u00e9, private saunas, and equipment rental at our white water rafting centre in Juuma village! Jyr\u00e4v\u00e4 Camping is located on the shore of Lake Juumaj\u00e4rvi that has clear water and sandy beaches. The area offers great opportunities for outdoor activities. [&hellip;]<\/p>\n","protected":false},"author":1,"featured_media":150020,"parent":0,"menu_order":0,"comment_status":"closed","ping_status":"closed","template":"","meta":{"footnotes":""},"class_list":["post-149358","page","type-page","status-publish","has-post-thumbnail","hentry"],"yoast_head":"<!-- This site is optimized with the Yoast SEO plugin v27.2 - https:\/\/yoast.com\/product\/yoast-seo-wordpress\/ -->\n<title>Camping at Juuma, Kuusamo - Stella Polaris Adventures | Ruka - Kuusamo<\/title>\n<meta name=\"description\" content=\"Camping place at Juuma, Kuusamo. Caravan and tent places, cafe, equipment rental, saunas and river rafting.\" \/>\n<meta name=\"robots\" content=\"index, follow, max-snippet:-1, max-image-preview:large, max-video-preview:-1\" \/>\n<link rel=\"canonical\" href=\"https:\/\/stellapolaris.fi\/en\/camping\/\" \/>\n<meta property=\"og:locale\" content=\"en_US\" \/>\n<meta property=\"og:type\" content=\"article\" \/>\n<meta property=\"og:title\" content=\"Camping at Juuma, Kuusamo - Stella Polaris Adventures | Ruka - Kuusamo\" \/>\n<meta property=\"og:description\" content=\"Camping place at Juuma, Kuusamo. Caravan and tent places, cafe, equipment rental, saunas and river rafting.\" \/>\n<meta property=\"og:url\" content=\"https:\/\/stellapolaris.fi\/en\/camping\/\" \/>\n<meta property=\"og:site_name\" content=\"Stella Polaris Adventures | Ruka - Kuusamo\" \/>\n<meta property=\"article:publisher\" content=\"https:\/\/www.facebook.com\/stellapolarisadventures\" \/>\n<meta property=\"article:modified_time\" content=\"2023-05-26T07:52:39+00:00\" \/>\n<meta property=\"og:image\" content=\"https:\/\/stellapolaris.fi\/wp-content\/uploads\/2022\/07\/DJI_0071-1.jpg\" \/>\n\t<meta property=\"og:image:width\" content=\"677\" \/>\n\t<meta property=\"og:image:height\" content=\"519\" \/>\n\t<meta property=\"og:image:type\" content=\"image\/jpeg\" \/>\n<meta name=\"twitter:card\" content=\"summary_large_image\" \/>\n<meta name=\"twitter:label1\" content=\"Est. reading time\" \/>\n\t<meta name=\"twitter:data1\" content=\"1 minute\" \/>\n<script type=\"application\/ld+json\" class=\"yoast-schema-graph\">{\"@context\":\"https:\/\/schema.org\",\"@graph\":[{\"@type\":\"WebPage\",\"@id\":\"https:\/\/stellapolaris.fi\/en\/camping\/\",\"url\":\"https:\/\/stellapolaris.fi\/en\/camping\/\",\"name\":\"Camping at Juuma, Kuusamo - Stella Polaris Adventures | Ruka - Kuusamo\",\"isPartOf\":{\"@id\":\"https:\/\/stellapolaris.fi\/en\/#website\"},\"primaryImageOfPage\":{\"@id\":\"https:\/\/stellapolaris.fi\/en\/camping\/#primaryimage\"},\"image\":{\"@id\":\"https:\/\/stellapolaris.fi\/en\/camping\/#primaryimage\"},\"thumbnailUrl\":\"https:\/\/stellapolaris.fi\/wp-content\/uploads\/2022\/07\/DJI_0071-1.jpg\",\"datePublished\":\"2022-05-09T11:57:36+00:00\",\"dateModified\":\"2023-05-26T07:52:39+00:00\",\"description\":\"Camping place at Juuma, Kuusamo. Caravan and tent places, cafe, equipment rental, saunas and river rafting.\",\"breadcrumb\":{\"@id\":\"https:\/\/stellapolaris.fi\/en\/camping\/#breadcrumb\"},\"inLanguage\":\"en-US\",\"potentialAction\":[{\"@type\":\"ReadAction\",\"target\":[\"https:\/\/stellapolaris.fi\/en\/camping\/\"]}]},{\"@type\":\"ImageObject\",\"inLanguage\":\"en-US\",\"@id\":\"https:\/\/stellapolaris.fi\/en\/camping\/#primaryimage\",\"url\":\"https:\/\/stellapolaris.fi\/wp-content\/uploads\/2022\/07\/DJI_0071-1.jpg\",\"contentUrl\":\"https:\/\/stellapolaris.fi\/wp-content\/uploads\/2022\/07\/DJI_0071-1.jpg\",\"width\":677,\"height\":519,\"caption\":\"DCIM101MEDIADJI_0071.JPG\"},{\"@type\":\"BreadcrumbList\",\"@id\":\"https:\/\/stellapolaris.fi\/en\/camping\/#breadcrumb\",\"itemListElement\":[{\"@type\":\"ListItem\",\"position\":1,\"name\":\"Home\",\"item\":\"https:\/\/stellapolaris.fi\/en\/\"},{\"@type\":\"ListItem\",\"position\":2,\"name\":\"Camping at Juuma, Kuusamo\"}]},{\"@type\":\"WebSite\",\"@id\":\"https:\/\/stellapolaris.fi\/en\/#website\",\"url\":\"https:\/\/stellapolaris.fi\/en\/\",\"name\":\"Stella Polaris Adventures | Ruka - Kuusamo\",\"description\":\"Safaritalo ja kelkkavuokraamo\",\"publisher\":{\"@id\":\"https:\/\/stellapolaris.fi\/en\/#organization\"},\"potentialAction\":[{\"@type\":\"SearchAction\",\"target\":{\"@type\":\"EntryPoint\",\"urlTemplate\":\"https:\/\/stellapolaris.fi\/en\/?s={search_term_string}\"},\"query-input\":{\"@type\":\"PropertyValueSpecification\",\"valueRequired\":true,\"valueName\":\"search_term_string\"}}],\"inLanguage\":\"en-US\"},{\"@type\":\"Organization\",\"@id\":\"https:\/\/stellapolaris.fi\/en\/#organization\",\"name\":\"Stella Polaris Adventures\",\"url\":\"https:\/\/stellapolaris.fi\/en\/\",\"logo\":{\"@type\":\"ImageObject\",\"inLanguage\":\"en-US\",\"@id\":\"https:\/\/stellapolaris.fi\/en\/#\/schema\/logo\/image\/\",\"url\":\"https:\/\/stellapolaris.fi\/wp-content\/uploads\/2019\/09\/stellalogo-iso.png\",\"contentUrl\":\"https:\/\/stellapolaris.fi\/wp-content\/uploads\/2019\/09\/stellalogo-iso.png\",\"width\":640,\"height\":640,\"caption\":\"Stella Polaris Adventures\"},\"image\":{\"@id\":\"https:\/\/stellapolaris.fi\/en\/#\/schema\/logo\/image\/\"},\"sameAs\":[\"https:\/\/www.facebook.com\/stellapolarisadventures\",\"https:\/\/www.instagram.com\/stellapolarisadventures\/?hl=fi\"]}]}<\/script>\n<!-- \/ Yoast SEO plugin. -->","yoast_head_json":{"title":"Camping at Juuma, Kuusamo - Stella Polaris Adventures | Ruka - Kuusamo","description":"Camping place at Juuma, Kuusamo. Caravan and tent places, cafe, equipment rental, saunas and river rafting.","robots":{"index":"index","follow":"follow","max-snippet":"max-snippet:-1","max-image-preview":"max-image-preview:large","max-video-preview":"max-video-preview:-1"},"canonical":"https:\/\/stellapolaris.fi\/en\/camping\/","og_locale":"en_US","og_type":"article","og_title":"Camping at Juuma, Kuusamo - Stella Polaris Adventures | Ruka - Kuusamo","og_description":"Camping place at Juuma, Kuusamo. Caravan and tent places, cafe, equipment rental, saunas and river rafting.","og_url":"https:\/\/stellapolaris.fi\/en\/camping\/","og_site_name":"Stella Polaris Adventures | Ruka - Kuusamo","article_publisher":"https:\/\/www.facebook.com\/stellapolarisadventures","article_modified_time":"2023-05-26T07:52:39+00:00","og_image":[{"width":677,"height":519,"url":"https:\/\/stellapolaris.fi\/wp-content\/uploads\/2022\/07\/DJI_0071-1.jpg","type":"image\/jpeg"}],"twitter_card":"summary_large_image","twitter_misc":{"Est. reading time":"1 minute"},"schema":{"@context":"https:\/\/schema.org","@graph":[{"@type":"WebPage","@id":"https:\/\/stellapolaris.fi\/en\/camping\/","url":"https:\/\/stellapolaris.fi\/en\/camping\/","name":"Camping at Juuma, Kuusamo - Stella Polaris Adventures | Ruka - Kuusamo","isPartOf":{"@id":"https:\/\/stellapolaris.fi\/en\/#website"},"primaryImageOfPage":{"@id":"https:\/\/stellapolaris.fi\/en\/camping\/#primaryimage"},"image":{"@id":"https:\/\/stellapolaris.fi\/en\/camping\/#primaryimage"},"thumbnailUrl":"https:\/\/stellapolaris.fi\/wp-content\/uploads\/2022\/07\/DJI_0071-1.jpg","datePublished":"2022-05-09T11:57:36+00:00","dateModified":"2023-05-26T07:52:39+00:00","description":"Camping place at Juuma, Kuusamo. Caravan and tent places, cafe, equipment rental, saunas and river rafting.","breadcrumb":{"@id":"https:\/\/stellapolaris.fi\/en\/camping\/#breadcrumb"},"inLanguage":"en-US","potentialAction":[{"@type":"ReadAction","target":["https:\/\/stellapolaris.fi\/en\/camping\/"]}]},{"@type":"ImageObject","inLanguage":"en-US","@id":"https:\/\/stellapolaris.fi\/en\/camping\/#primaryimage","url":"https:\/\/stellapolaris.fi\/wp-content\/uploads\/2022\/07\/DJI_0071-1.jpg","contentUrl":"https:\/\/stellapolaris.fi\/wp-content\/uploads\/2022\/07\/DJI_0071-1.jpg","width":677,"height":519,"caption":"DCIM101MEDIADJI_0071.JPG"},{"@type":"BreadcrumbList","@id":"https:\/\/stellapolaris.fi\/en\/camping\/#breadcrumb","itemListElement":[{"@type":"ListItem","position":1,"name":"Home","item":"https:\/\/stellapolaris.fi\/en\/"},{"@type":"ListItem","position":2,"name":"Camping at Juuma, Kuusamo"}]},{"@type":"WebSite","@id":"https:\/\/stellapolaris.fi\/en\/#website","url":"https:\/\/stellapolaris.fi\/en\/","name":"Stella Polaris Adventures | Ruka - Kuusamo","description":"Safaritalo ja kelkkavuokraamo","publisher":{"@id":"https:\/\/stellapolaris.fi\/en\/#organization"},"potentialAction":[{"@type":"SearchAction","target":{"@type":"EntryPoint","urlTemplate":"https:\/\/stellapolaris.fi\/en\/?s={search_term_string}"},"query-input":{"@type":"PropertyValueSpecification","valueRequired":true,"valueName":"search_term_string"}}],"inLanguage":"en-US"},{"@type":"Organization","@id":"https:\/\/stellapolaris.fi\/en\/#organization","name":"Stella Polaris Adventures","url":"https:\/\/stellapolaris.fi\/en\/","logo":{"@type":"ImageObject","inLanguage":"en-US","@id":"https:\/\/stellapolaris.fi\/en\/#\/schema\/logo\/image\/","url":"https:\/\/stellapolaris.fi\/wp-content\/uploads\/2019\/09\/stellalogo-iso.png","contentUrl":"https:\/\/stellapolaris.fi\/wp-content\/uploads\/2019\/09\/stellalogo-iso.png","width":640,"height":640,"caption":"Stella Polaris Adventures"},"image":{"@id":"https:\/\/stellapolaris.fi\/en\/#\/schema\/logo\/image\/"},"sameAs":["https:\/\/www.facebook.com\/stellapolarisadventures","https:\/\/www.instagram.com\/stellapolarisadventures\/?hl=fi"]}]}},"_links":{"self":[{"href":"https:\/\/stellapolaris.fi\/en\/wp-json\/wp\/v2\/pages\/149358","targetHints":{"allow":["GET"]}}],"collection":[{"href":"https:\/\/stellapolaris.fi\/en\/wp-json\/wp\/v2\/pages"}],"about":[{"href":"https:\/\/stellapolaris.fi\/en\/wp-json\/wp\/v2\/types\/page"}],"author":[{"embeddable":true,"href":"https:\/\/stellapolaris.fi\/en\/wp-json\/wp\/v2\/users\/1"}],"replies":[{"embeddable":true,"href":"https:\/\/stellapolaris.fi\/en\/wp-json\/wp\/v2\/comments?post=149358"}],"version-history":[{"count":14,"href":"https:\/\/stellapolaris.fi\/en\/wp-json\/wp\/v2\/pages\/149358\/revisions"}],"predecessor-version":[{"id":150975,"href":"https:\/\/stellapolaris.fi\/en\/wp-json\/wp\/v2\/pages\/149358\/revisions\/150975"}],"wp:featuredmedia":[{"embeddable":true,"href":"https:\/\/stellapolaris.fi\/en\/wp-json\/wp\/v2\/media\/150020"}],"wp:attachment":[{"href":"https:\/\/stellapolaris.fi\/en\/wp-json\/wp\/v2\/media?parent=149358"}],"curies":[{"name":"wp","href":"https:\/\/api.w.org\/{rel}","templated":true}]}}