{"id":149353,"date":"2022-05-09T14:57:15","date_gmt":"2022-05-09T11:57:15","guid":{"rendered":"https:\/\/stellapolaris.fi\/kahvila\/"},"modified":"2022-06-07T13:19:05","modified_gmt":"2022-06-07T10:19:05","slug":"cafe","status":"publish","type":"page","link":"https:\/\/stellapolaris.fi\/en\/cafe\/","title":{"rendered":"Cafe"},"content":{"rendered":"<h1>Summer Cafe<\/h1>\n<h1>\n<p class=\"p1\">At Juuma<\/p>\n<\/h1>\n<h2>Opening hours<\/h2>\n<div>\n<p>Open daily start from 24th Jun<br \/>Mon-Sat 11am to 7pm<br \/>Sun 11am to 4pM<\/p>\n<\/div>\n<h2>\n<p>Great atmosphere at our summer caf\u00e9!<\/p>\n<\/h2>\n<div>\n<p class=\"p1\">The renewed Jyr\u00e4v\u00e4 Camping summer caf\u00e9 opens at Midsummer 2022.<span class=\"Apple-converted-space\">\u00a0<\/span><\/p>\n<p class=\"p1\">Our licenced caf\u00e9 serves ice cream, snacks and pre-ordered meals.<\/p>\n<p class=\"p1\">The caf\u00e9 can be rented for private events in the evenings outside of opening hours.<\/p>\n<p class=\"p1\">The terrace seats 40 people and the indoor caf\u00e9 seats 12 people.<\/p>\n<\/div>\n<p><!--more--><br \/>\n<!-- {\"children\":[{\"type\":\"section\",\"props\":{\"style\":\"default\",\"width\":\"xlarge\",\"vertical_align\":\"middle\",\"title_position\":\"top-left\",\"title_rotation\":\"left\",\"title_breakpoint\":\"xl\",\"image_position\":\"center-center\",\"text_color\":\"light\",\"height\":\"expand\",\"padding\":\"xlarge\",\"image\":\"wp-content\\\/uploads\\\/2022\\\/05\\\/pannukahvia.jpg\",\"image_size\":\"cover\"},\"children\":[{\"type\":\"row\",\"children\":[{\"type\":\"column\",\"props\":{\"image_position\":\"center-center\",\"media_overlay_gradient\":\"\",\"width_medium\":\"1-1\",\"position_sticky_breakpoint\":\"m\"},\"children\":[{\"type\":\"headline\",\"props\":{\"title_element\":\"h1\",\"title_style\":\"heading-large\",\"maxwidth\":\"2xlarge\",\"content\":\"Summer Cafe\"}},{\"type\":\"headline\",\"props\":{\"title_element\":\"h1\",\"content\":\"\n\n<p class=\\\"p1\\\">At Juuma<\\\/p>\",\"title_style\":\"h3\",\"margin_remove_top\":true}}]}]}]},{\"type\":\"section\",\"props\":{\"style\":\"default\",\"width\":\"default\",\"vertical_align\":\"middle\",\"title_position\":\"top-left\",\"title_rotation\":\"left\",\"title_breakpoint\":\"xl\",\"image_position\":\"center-center\"},\"children\":[{\"type\":\"row\",\"props\":{\"layout\":\"1-2,1-2\"},\"children\":[{\"type\":\"column\",\"props\":{\"position_sticky_breakpoint\":\"m\",\"image_position\":\"center-center\",\"media_overlay_gradient\":\"\",\"width_medium\":\"1-2\"},\"children\":[{\"type\":\"headline\",\"props\":{\"title_element\":\"h2\",\"content\":\"Opening hours\",\"title_style\":\"h2\"}}]},{\"type\":\"column\",\"props\":{\"position_sticky_breakpoint\":\"m\",\"image_position\":\"center-center\",\"media_overlay_gradient\":\"\",\"width_medium\":\"1-2\"},\"children\":[{\"type\":\"text\",\"props\":{\"margin\":\"default\",\"column_breakpoint\":\"m\",\"content\":\"\n\n<p>Open daily start from 24th Jun<br \\\/>Mon-Sat 11am to 7pm<br \\\/>Sun 11am to 4pM<\\\/p>\",\"text_style\":\"lead\"}}]}]}]},{\"type\":\"section\",\"props\":{\"style\":\"default\",\"width\":\"default\",\"vertical_align\":\"middle\",\"title_position\":\"top-left\",\"title_rotation\":\"left\",\"title_breakpoint\":\"xl\",\"image_position\":\"center-center\"},\"children\":[{\"type\":\"row\",\"children\":[{\"type\":\"column\",\"props\":{\"image_position\":\"center-center\",\"media_overlay_gradient\":\"\",\"width_medium\":\"1-2\",\"position_sticky_breakpoint\":\"m\"},\"children\":[{\"type\":\"headline\",\"props\":{\"title_element\":\"h2\",\"content\":\"\n\n<p>Great atmosphere at our summer caf\\u00e9!<\\\/p>\",\"title_style\":\"h2\"}},{\"type\":\"text\",\"props\":{\"margin\":\"default\",\"column_breakpoint\":\"m\",\"content\":\"\n\n<p class=\\\"p1\\\">The renewed Jyr\\u00e4v\\u00e4 Camping summer caf\\u00e9 opens at Midsummer 2022.<span class=\\\"Apple-converted-space\\\">\\u00a0<\\\/span><\\\/p>\\n\n\n<p class=\\\"p1\\\">Our licenced caf\\u00e9 serves ice cream, snacks and pre-ordered meals.<\\\/p>\\n\n\n<p class=\\\"p1\\\">The caf\\u00e9 can be rented for private events in the evenings outside of opening hours.<\\\/p>\\n\n\n<p class=\\\"p1\\\">The terrace seats 40 people and the indoor caf\\u00e9 seats 12 people.<\\\/p>\"}}]},{\"type\":\"column\",\"props\":{\"position_sticky_breakpoint\":\"m\",\"image_position\":\"center-center\",\"media_overlay_gradient\":\"\",\"width_medium\":\"1-2\"},\"children\":[{\"type\":\"video\",\"props\":{\"video_controls\":true,\"margin\":\"default\"}}]}],\"props\":{\"layout\":\"1-2,1-2\"}}]}],\"type\":\"layout\",\"version\":\"2.7.22\"} --><\/p>\n","protected":false},"excerpt":{"rendered":"<p>Summer Cafe At Juuma Opening hours Open daily start from 24th JunMon-Sat 11am to 7pmSun 11am to 4pM Great atmosphere at our summer caf\u00e9! The renewed Jyr\u00e4v\u00e4 Camping summer caf\u00e9 opens at Midsummer 2022.\u00a0 Our licenced caf\u00e9 serves ice cream, snacks and pre-ordered meals. The caf\u00e9 can be rented for private events in the evenings [&hellip;]<\/p>\n","protected":false},"author":1,"featured_media":149023,"parent":0,"menu_order":0,"comment_status":"closed","ping_status":"closed","template":"","meta":{"footnotes":""},"class_list":["post-149353","page","type-page","status-publish","has-post-thumbnail","hentry"],"yoast_head":"<!-- This site is optimized with the Yoast SEO plugin v27.2 - https:\/\/yoast.com\/product\/yoast-seo-wordpress\/ -->\n<title>Cafe - Stella Polaris Adventures | Ruka - Kuusamo<\/title>\n<meta name=\"description\" content=\"Summer cafe at Juuma, Kuusamo. Open daily start from 24th June. Drinks, ice cream, snacks and meals on request.\" \/>\n<meta name=\"robots\" content=\"index, follow, max-snippet:-1, max-image-preview:large, max-video-preview:-1\" \/>\n<link rel=\"canonical\" href=\"https:\/\/stellapolaris.fi\/en\/cafe\/\" \/>\n<meta property=\"og:locale\" content=\"en_US\" \/>\n<meta property=\"og:type\" content=\"article\" \/>\n<meta property=\"og:title\" content=\"Cafe - Stella Polaris Adventures | Ruka - Kuusamo\" \/>\n<meta property=\"og:description\" content=\"Summer cafe at Juuma, Kuusamo. Open daily start from 24th June. Drinks, ice cream, snacks and meals on request.\" \/>\n<meta property=\"og:url\" content=\"https:\/\/stellapolaris.fi\/en\/cafe\/\" \/>\n<meta property=\"og:site_name\" content=\"Stella Polaris Adventures | Ruka - Kuusamo\" \/>\n<meta property=\"article:publisher\" content=\"https:\/\/www.facebook.com\/stellapolarisadventures\" \/>\n<meta property=\"article:modified_time\" content=\"2022-06-07T10:19:05+00:00\" \/>\n<meta property=\"og:image\" content=\"https:\/\/stellapolaris.fi\/wp-content\/uploads\/2022\/05\/pannukahvia.jpg\" \/>\n\t<meta property=\"og:image:width\" content=\"1080\" \/>\n\t<meta property=\"og:image:height\" content=\"768\" \/>\n\t<meta property=\"og:image:type\" content=\"image\/jpeg\" \/>\n<meta name=\"twitter:card\" content=\"summary_large_image\" \/>\n<script type=\"application\/ld+json\" class=\"yoast-schema-graph\">{\"@context\":\"https:\/\/schema.org\",\"@graph\":[{\"@type\":\"WebPage\",\"@id\":\"https:\/\/stellapolaris.fi\/en\/cafe\/\",\"url\":\"https:\/\/stellapolaris.fi\/en\/cafe\/\",\"name\":\"Cafe - Stella Polaris Adventures | Ruka - Kuusamo\",\"isPartOf\":{\"@id\":\"https:\/\/stellapolaris.fi\/en\/#website\"},\"primaryImageOfPage\":{\"@id\":\"https:\/\/stellapolaris.fi\/en\/cafe\/#primaryimage\"},\"image\":{\"@id\":\"https:\/\/stellapolaris.fi\/en\/cafe\/#primaryimage\"},\"thumbnailUrl\":\"https:\/\/stellapolaris.fi\/wp-content\/uploads\/2022\/05\/pannukahvia.jpg\",\"datePublished\":\"2022-05-09T11:57:15+00:00\",\"dateModified\":\"2022-06-07T10:19:05+00:00\",\"description\":\"Summer cafe at Juuma, Kuusamo. Open daily start from 24th June. Drinks, ice cream, snacks and meals on request.\",\"breadcrumb\":{\"@id\":\"https:\/\/stellapolaris.fi\/en\/cafe\/#breadcrumb\"},\"inLanguage\":\"en-US\",\"potentialAction\":[{\"@type\":\"ReadAction\",\"target\":[\"https:\/\/stellapolaris.fi\/en\/cafe\/\"]}]},{\"@type\":\"ImageObject\",\"inLanguage\":\"en-US\",\"@id\":\"https:\/\/stellapolaris.fi\/en\/cafe\/#primaryimage\",\"url\":\"https:\/\/stellapolaris.fi\/wp-content\/uploads\/2022\/05\/pannukahvia.jpg\",\"contentUrl\":\"https:\/\/stellapolaris.fi\/wp-content\/uploads\/2022\/05\/pannukahvia.jpg\",\"width\":1080,\"height\":768},{\"@type\":\"BreadcrumbList\",\"@id\":\"https:\/\/stellapolaris.fi\/en\/cafe\/#breadcrumb\",\"itemListElement\":[{\"@type\":\"ListItem\",\"position\":1,\"name\":\"Home\",\"item\":\"https:\/\/stellapolaris.fi\/en\/\"},{\"@type\":\"ListItem\",\"position\":2,\"name\":\"Cafe\"}]},{\"@type\":\"WebSite\",\"@id\":\"https:\/\/stellapolaris.fi\/en\/#website\",\"url\":\"https:\/\/stellapolaris.fi\/en\/\",\"name\":\"Stella Polaris Adventures | Ruka - Kuusamo\",\"description\":\"Safaritalo ja kelkkavuokraamo\",\"publisher\":{\"@id\":\"https:\/\/stellapolaris.fi\/en\/#organization\"},\"potentialAction\":[{\"@type\":\"SearchAction\",\"target\":{\"@type\":\"EntryPoint\",\"urlTemplate\":\"https:\/\/stellapolaris.fi\/en\/?s={search_term_string}\"},\"query-input\":{\"@type\":\"PropertyValueSpecification\",\"valueRequired\":true,\"valueName\":\"search_term_string\"}}],\"inLanguage\":\"en-US\"},{\"@type\":\"Organization\",\"@id\":\"https:\/\/stellapolaris.fi\/en\/#organization\",\"name\":\"Stella Polaris Adventures\",\"url\":\"https:\/\/stellapolaris.fi\/en\/\",\"logo\":{\"@type\":\"ImageObject\",\"inLanguage\":\"en-US\",\"@id\":\"https:\/\/stellapolaris.fi\/en\/#\/schema\/logo\/image\/\",\"url\":\"https:\/\/stellapolaris.fi\/wp-content\/uploads\/2019\/09\/stellalogo-iso.png\",\"contentUrl\":\"https:\/\/stellapolaris.fi\/wp-content\/uploads\/2019\/09\/stellalogo-iso.png\",\"width\":640,\"height\":640,\"caption\":\"Stella Polaris Adventures\"},\"image\":{\"@id\":\"https:\/\/stellapolaris.fi\/en\/#\/schema\/logo\/image\/\"},\"sameAs\":[\"https:\/\/www.facebook.com\/stellapolarisadventures\",\"https:\/\/www.instagram.com\/stellapolarisadventures\/?hl=fi\"]}]}<\/script>\n<!-- \/ Yoast SEO plugin. -->","yoast_head_json":{"title":"Cafe - Stella Polaris Adventures | Ruka - Kuusamo","description":"Summer cafe at Juuma, Kuusamo. Open daily start from 24th June. Drinks, ice cream, snacks and meals on request.","robots":{"index":"index","follow":"follow","max-snippet":"max-snippet:-1","max-image-preview":"max-image-preview:large","max-video-preview":"max-video-preview:-1"},"canonical":"https:\/\/stellapolaris.fi\/en\/cafe\/","og_locale":"en_US","og_type":"article","og_title":"Cafe - Stella Polaris Adventures | Ruka - Kuusamo","og_description":"Summer cafe at Juuma, Kuusamo. Open daily start from 24th June. Drinks, ice cream, snacks and meals on request.","og_url":"https:\/\/stellapolaris.fi\/en\/cafe\/","og_site_name":"Stella Polaris Adventures | Ruka - Kuusamo","article_publisher":"https:\/\/www.facebook.com\/stellapolarisadventures","article_modified_time":"2022-06-07T10:19:05+00:00","og_image":[{"width":1080,"height":768,"url":"https:\/\/stellapolaris.fi\/wp-content\/uploads\/2022\/05\/pannukahvia.jpg","type":"image\/jpeg"}],"twitter_card":"summary_large_image","schema":{"@context":"https:\/\/schema.org","@graph":[{"@type":"WebPage","@id":"https:\/\/stellapolaris.fi\/en\/cafe\/","url":"https:\/\/stellapolaris.fi\/en\/cafe\/","name":"Cafe - Stella Polaris Adventures | Ruka - Kuusamo","isPartOf":{"@id":"https:\/\/stellapolaris.fi\/en\/#website"},"primaryImageOfPage":{"@id":"https:\/\/stellapolaris.fi\/en\/cafe\/#primaryimage"},"image":{"@id":"https:\/\/stellapolaris.fi\/en\/cafe\/#primaryimage"},"thumbnailUrl":"https:\/\/stellapolaris.fi\/wp-content\/uploads\/2022\/05\/pannukahvia.jpg","datePublished":"2022-05-09T11:57:15+00:00","dateModified":"2022-06-07T10:19:05+00:00","description":"Summer cafe at Juuma, Kuusamo. Open daily start from 24th June. Drinks, ice cream, snacks and meals on request.","breadcrumb":{"@id":"https:\/\/stellapolaris.fi\/en\/cafe\/#breadcrumb"},"inLanguage":"en-US","potentialAction":[{"@type":"ReadAction","target":["https:\/\/stellapolaris.fi\/en\/cafe\/"]}]},{"@type":"ImageObject","inLanguage":"en-US","@id":"https:\/\/stellapolaris.fi\/en\/cafe\/#primaryimage","url":"https:\/\/stellapolaris.fi\/wp-content\/uploads\/2022\/05\/pannukahvia.jpg","contentUrl":"https:\/\/stellapolaris.fi\/wp-content\/uploads\/2022\/05\/pannukahvia.jpg","width":1080,"height":768},{"@type":"BreadcrumbList","@id":"https:\/\/stellapolaris.fi\/en\/cafe\/#breadcrumb","itemListElement":[{"@type":"ListItem","position":1,"name":"Home","item":"https:\/\/stellapolaris.fi\/en\/"},{"@type":"ListItem","position":2,"name":"Cafe"}]},{"@type":"WebSite","@id":"https:\/\/stellapolaris.fi\/en\/#website","url":"https:\/\/stellapolaris.fi\/en\/","name":"Stella Polaris Adventures | Ruka - Kuusamo","description":"Safaritalo ja kelkkavuokraamo","publisher":{"@id":"https:\/\/stellapolaris.fi\/en\/#organization"},"potentialAction":[{"@type":"SearchAction","target":{"@type":"EntryPoint","urlTemplate":"https:\/\/stellapolaris.fi\/en\/?s={search_term_string}"},"query-input":{"@type":"PropertyValueSpecification","valueRequired":true,"valueName":"search_term_string"}}],"inLanguage":"en-US"},{"@type":"Organization","@id":"https:\/\/stellapolaris.fi\/en\/#organization","name":"Stella Polaris Adventures","url":"https:\/\/stellapolaris.fi\/en\/","logo":{"@type":"ImageObject","inLanguage":"en-US","@id":"https:\/\/stellapolaris.fi\/en\/#\/schema\/logo\/image\/","url":"https:\/\/stellapolaris.fi\/wp-content\/uploads\/2019\/09\/stellalogo-iso.png","contentUrl":"https:\/\/stellapolaris.fi\/wp-content\/uploads\/2019\/09\/stellalogo-iso.png","width":640,"height":640,"caption":"Stella Polaris Adventures"},"image":{"@id":"https:\/\/stellapolaris.fi\/en\/#\/schema\/logo\/image\/"},"sameAs":["https:\/\/www.facebook.com\/stellapolarisadventures","https:\/\/www.instagram.com\/stellapolarisadventures\/?hl=fi"]}]}},"_links":{"self":[{"href":"https:\/\/stellapolaris.fi\/en\/wp-json\/wp\/v2\/pages\/149353","targetHints":{"allow":["GET"]}}],"collection":[{"href":"https:\/\/stellapolaris.fi\/en\/wp-json\/wp\/v2\/pages"}],"about":[{"href":"https:\/\/stellapolaris.fi\/en\/wp-json\/wp\/v2\/types\/page"}],"author":[{"embeddable":true,"href":"https:\/\/stellapolaris.fi\/en\/wp-json\/wp\/v2\/users\/1"}],"replies":[{"embeddable":true,"href":"https:\/\/stellapolaris.fi\/en\/wp-json\/wp\/v2\/comments?post=149353"}],"version-history":[{"count":6,"href":"https:\/\/stellapolaris.fi\/en\/wp-json\/wp\/v2\/pages\/149353\/revisions"}],"predecessor-version":[{"id":149841,"href":"https:\/\/stellapolaris.fi\/en\/wp-json\/wp\/v2\/pages\/149353\/revisions\/149841"}],"wp:featuredmedia":[{"embeddable":true,"href":"https:\/\/stellapolaris.fi\/en\/wp-json\/wp\/v2\/media\/149023"}],"wp:attachment":[{"href":"https:\/\/stellapolaris.fi\/en\/wp-json\/wp\/v2\/media?parent=149353"}],"curies":[{"name":"wp","href":"https:\/\/api.w.org\/{rel}","templated":true}]}}